{"id":2,"date":"2020-03-25T15:11:15","date_gmt":"2020-03-25T14:11:15","guid":{"rendered":"http:\/\/www.elektronika-pojazdowa.com.pl\/?page_id=2"},"modified":"2020-03-25T15:40:13","modified_gmt":"2020-03-25T14:40:13","slug":"przykladowa-strona","status":"publish","type":"page","link":"https:\/\/www.elektronika-pojazdowa.com.pl\/","title":{"rendered":"Elektronika Pojazdowa"},"content":{"rendered":"\r\n<p>Szanowni Pa\u0144stwo,<\/p>\r\n\r\n\r\n\r\n<p>Nasza firma istnieje od 1998 r. Od wielu lat staramy si\u0119, aby zakres proponowanych Pa\u0144stwu us\u0142ug by\u0142 na najwy\u017cszym poziomie, jednocze\u015bnie nieustannie nad\u0105\u017cymy za nowinkami technicznymi w \u015bwiecie elektroniki pojazdowej.<\/p>\r\n\r\n\r\n\r\n<p>Kolejn\u0105 us\u0142ug\u0105 jak\u0105 mo\u017cemy Pa\u0144stwu zaproponowa\u0107 jest diagnoza elektroniki samochodowej.<\/p>\r\n\r\n\r\n\r\n<p>Zajmujemy si\u0119 serwisem i napraw\u0105 uk\u0142ad\u00f3w elektronicznych wszystkich marek samochod\u00f3w osobowych i dostawczych.<\/p>\r\n\r\n\r\n\r\n<ul class=\"wp-block-list\">\r\n<li>Diagnostyka i naprawa elektroniki,programowanie mikrokontroler\u00f3w i pami\u0119ci,dostosowanie modu\u0142\u00f3w steruj\u0105cych.<br \/><br \/><\/li>\r\n<li>Kompleksowa naprawa instalacji elektrycznych i \u015bwiat\u0142owodowych,<br \/><br \/><\/li>\r\n<li>Kompleksowa naprawa silnik\u00f3w elektrycznych,rozrusznik\u00f3w i wytwornic pr\u0105du elektrycznego (wszystkie rodzaje)<br \/><br \/><\/li>\r\n<li>Naprawa uk\u0142ad\u00f3w telematycznych (monitor\u00f3w, telefon\u00f3w, nawigacji, nap\u0119d\u00f3w CD, radioodbiornik\u00f3w samochodowych,wzmacniaczy,itp.)<br \/><br \/><\/li>\r\n<li>Mechanika pojazdowa<br \/><br \/><\/li>\r\n<li>Diagnostyka i naprawa samochod\u00f3w ci\u0119\u017carowych<br \/><br \/><\/li>\r\n<li>Monta\u017c sprz\u0119tu graj\u0105cego i telematycznego<\/li>\r\n<\/ul>\r\n","protected":false},"excerpt":{"rendered":"<p>Szanowni Pa\u0144stwo, Nasza firma istnieje od 1998 r. Od wielu lat staramy si\u0119, aby zakres proponowanych Pa\u0144stwu us\u0142ug by\u0142 na najwy\u017cszym poziomie, jednocze\u015bnie nieustannie nad\u0105\u017cymy za nowinkami technicznymi w \u015bwiecie elektroniki pojazdowej. Kolejn\u0105 us\u0142ug\u0105 jak\u0105 mo\u017cemy Pa\u0144stwu zaproponowa\u0107 jest diagnoza elektroniki samochodowej. Zajmujemy si\u0119 serwisem i napraw\u0105 uk\u0142ad\u00f3w elektronicznych wszystkich marek samochod\u00f3w osobowych i dostawczych. &hellip; <\/p>\n<p class=\"link-more\"><a href=\"https:\/\/www.elektronika-pojazdowa.com.pl\/\" class=\"more-link\">Czytaj dalej<span class=\"screen-reader-text\"> \u201eElektronika Pojazdowa\u201d<\/span><\/a><\/p>\n","protected":false},"author":2,"featured_media":0,"parent":0,"menu_order":0,"comment_status":"closed","ping_status":"open","template":"","meta":{"footnotes":""},"class_list":["post-2","page","type-page","status-publish","hentry"],"_links":{"self":[{"href":"https:\/\/www.elektronika-pojazdowa.com.pl\/index.php\/wp-json\/wp\/v2\/pages\/2","targetHints":{"allow":["GET"]}}],"collection":[{"href":"https:\/\/www.elektronika-pojazdowa.com.pl\/index.php\/wp-json\/wp\/v2\/pages"}],"about":[{"href":"https:\/\/www.elektronika-pojazdowa.com.pl\/index.php\/wp-json\/wp\/v2\/types\/page"}],"author":[{"embeddable":true,"href":"https:\/\/www.elektronika-pojazdowa.com.pl\/index.php\/wp-json\/wp\/v2\/users\/2"}],"replies":[{"embeddable":true,"href":"https:\/\/www.elektronika-pojazdowa.com.pl\/index.php\/wp-json\/wp\/v2\/comments?post=2"}],"version-history":[{"count":4,"href":"https:\/\/www.elektronika-pojazdowa.com.pl\/index.php\/wp-json\/wp\/v2\/pages\/2\/revisions"}],"predecessor-version":[{"id":24,"href":"https:\/\/www.elektronika-pojazdowa.com.pl\/index.php\/wp-json\/wp\/v2\/pages\/2\/revisions\/24"}],"wp:attachment":[{"href":"https:\/\/www.elektronika-pojazdowa.com.pl\/index.php\/wp-json\/wp\/v2\/media?parent=2"}],"curies":[{"name":"wp","href":"https:\/\/api.w.org\/{rel}","templated":true}]}}